{"id":1547,"date":"2022-07-25T09:37:47","date_gmt":"2022-07-25T09:37:47","guid":{"rendered":"http:\/\/deleuf.nl\/?page_id=1547"},"modified":"2025-08-27T06:44:43","modified_gmt":"2025-08-27T06:44:43","slug":"ubernacht","status":"publish","type":"page","link":"https:\/\/deleuf.nl\/de\/ubernacht\/","title":{"rendered":"Overnachten"},"content":{"rendered":"\t\t<div data-elementor-type=\"wp-page\" data-elementor-id=\"1547\" class=\"elementor elementor-1547 elementor-904\" data-elementor-post-type=\"page\">\n\t\t\t\t\t\t<section class=\"elementor-section elementor-top-section elementor-element elementor-element-7b95886d elementor-section-full_width elementor-section-stretched elementor-section-height-default elementor-section-height-default\" data-id=\"7b95886d\" data-element_type=\"section\" data-e-type=\"section\" data-settings=\"{&quot;stretch_section&quot;:&quot;section-stretched&quot;}\">\n\t\t\t\t\t\t<div class=\"elementor-container elementor-column-gap-wide\">\n\t\t\t\t\t<div class=\"elementor-column elementor-col-33 elementor-top-column elementor-element elementor-element-70038c16\" data-id=\"70038c16\" data-element_type=\"column\" data-e-type=\"column\">\n\t\t\t<div class=\"elementor-widget-wrap elementor-element-populated\">\n\t\t\t\t\t\t<div class=\"elementor-element elementor-element-55fca60a elementor-widget elementor-widget-image\" data-id=\"55fca60a\" data-element_type=\"widget\" data-e-type=\"widget\" data-widget_type=\"image.default\">\n\t\t\t\t<div class=\"elementor-widget-container\">\n\t\t\t\t\t\t\t\t\t\t\t\t\t\t\t<img fetchpriority=\"high\" decoding=\"async\" width=\"683\" height=\"1024\" src=\"https:\/\/deleuf.nl\/wp-content\/uploads\/2025\/07\/www.guyhouben.com_deleuf_halfquarter1-133-2-683x1024.jpg\" class=\"attachment-large size-large wp-image-4647\" alt=\"De Leuf ubachsberg\" srcset=\"https:\/\/deleuf.nl\/wp-content\/uploads\/2025\/07\/www.guyhouben.com_deleuf_halfquarter1-133-2-683x1024.jpg 683w, https:\/\/deleuf.nl\/wp-content\/uploads\/2025\/07\/www.guyhouben.com_deleuf_halfquarter1-133-2-200x300.jpg 200w, https:\/\/deleuf.nl\/wp-content\/uploads\/2025\/07\/www.guyhouben.com_deleuf_halfquarter1-133-2-768x1152.jpg 768w, https:\/\/deleuf.nl\/wp-content\/uploads\/2025\/07\/www.guyhouben.com_deleuf_halfquarter1-133-2.jpg 1024w\" sizes=\"(max-width: 683px) 100vw, 683px\" \/>\t\t\t\t\t\t\t\t\t\t\t\t\t\t\t<\/div>\n\t\t\t\t<\/div>\n\t\t\t\t\t<\/div>\n\t\t<\/div>\n\t\t\t\t<div class=\"elementor-column elementor-col-33 elementor-top-column elementor-element elementor-element-5762d0c2\" data-id=\"5762d0c2\" data-element_type=\"column\" data-e-type=\"column\">\n\t\t\t<div class=\"elementor-widget-wrap elementor-element-populated\">\n\t\t\t\t\t\t<div class=\"elementor-element elementor-element-8de2bc9 elementor-widget elementor-widget-image\" data-id=\"8de2bc9\" data-element_type=\"widget\" data-e-type=\"widget\" data-widget_type=\"image.default\">\n\t\t\t\t<div class=\"elementor-widget-container\">\n\t\t\t\t\t\t\t\t\t\t\t\t\t\t\t<img decoding=\"async\" width=\"683\" height=\"1024\" src=\"https:\/\/deleuf.nl\/wp-content\/uploads\/2025\/07\/www.guyhouben.com_deleuf_halfquarter1-111-683x1024.jpg\" class=\"attachment-large size-large wp-image-4619\" alt=\"mpcktail by Michelle vd Bunt\" srcset=\"https:\/\/deleuf.nl\/wp-content\/uploads\/2025\/07\/www.guyhouben.com_deleuf_halfquarter1-111-683x1024.jpg 683w, https:\/\/deleuf.nl\/wp-content\/uploads\/2025\/07\/www.guyhouben.com_deleuf_halfquarter1-111-200x300.jpg 200w, https:\/\/deleuf.nl\/wp-content\/uploads\/2025\/07\/www.guyhouben.com_deleuf_halfquarter1-111-768x1152.jpg 768w, https:\/\/deleuf.nl\/wp-content\/uploads\/2025\/07\/www.guyhouben.com_deleuf_halfquarter1-111.jpg 1024w\" sizes=\"(max-width: 683px) 100vw, 683px\" \/>\t\t\t\t\t\t\t\t\t\t\t\t\t\t\t<\/div>\n\t\t\t\t<\/div>\n\t\t\t\t\t<\/div>\n\t\t<\/div>\n\t\t\t\t<div class=\"elementor-column elementor-col-33 elementor-top-column elementor-element elementor-element-45ab3aef\" data-id=\"45ab3aef\" data-element_type=\"column\" data-e-type=\"column\">\n\t\t\t<div class=\"elementor-widget-wrap elementor-element-populated\">\n\t\t\t\t\t\t<div class=\"elementor-element elementor-element-64a4e8dd elementor-widget elementor-widget-image\" data-id=\"64a4e8dd\" data-element_type=\"widget\" data-e-type=\"widget\" data-widget_type=\"image.default\">\n\t\t\t\t<div class=\"elementor-widget-container\">\n\t\t\t\t\t\t\t\t\t\t\t\t\t\t\t<img decoding=\"async\" width=\"1024\" height=\"1536\" src=\"https:\/\/deleuf.nl\/wp-content\/uploads\/2025\/07\/www.guyhouben.com_deleuf_halfquarter1-50-1.jpg\" class=\"attachment-1536x1536 size-1536x1536 wp-image-4610\" alt=\"Restaurant de Leuf - first bite\" srcset=\"https:\/\/deleuf.nl\/wp-content\/uploads\/2025\/07\/www.guyhouben.com_deleuf_halfquarter1-50-1.jpg 1024w, https:\/\/deleuf.nl\/wp-content\/uploads\/2025\/07\/www.guyhouben.com_deleuf_halfquarter1-50-1-200x300.jpg 200w, https:\/\/deleuf.nl\/wp-content\/uploads\/2025\/07\/www.guyhouben.com_deleuf_halfquarter1-50-1-683x1024.jpg 683w, https:\/\/deleuf.nl\/wp-content\/uploads\/2025\/07\/www.guyhouben.com_deleuf_halfquarter1-50-1-768x1152.jpg 768w\" sizes=\"(max-width: 1024px) 100vw, 1024px\" \/>\t\t\t\t\t\t\t\t\t\t\t\t\t\t\t<\/div>\n\t\t\t\t<\/div>\n\t\t\t\t\t<\/div>\n\t\t<\/div>\n\t\t\t\t\t<\/div>\n\t\t<\/section>\n\t\t\t\t<section class=\"elementor-section elementor-top-section elementor-element elementor-element-5b5a1909 elementor-section-boxed elementor-section-height-default elementor-section-height-default\" data-id=\"5b5a1909\" data-element_type=\"section\" data-e-type=\"section\">\n\t\t\t\t\t\t<div class=\"elementor-container elementor-column-gap-default\">\n\t\t\t\t\t<div class=\"elementor-column elementor-col-50 elementor-top-column elementor-element elementor-element-464895d6\" data-id=\"464895d6\" data-element_type=\"column\" data-e-type=\"column\">\n\t\t\t<div class=\"elementor-widget-wrap elementor-element-populated\">\n\t\t\t\t\t\t<div class=\"elementor-element elementor-element-5bda32f7 elementor-widget elementor-widget-text-editor\" data-id=\"5bda32f7\" data-element_type=\"widget\" data-e-type=\"widget\" data-widget_type=\"text-editor.default\">\n\t\t\t\t<div class=\"elementor-widget-container\">\n\t\t\t\t\t\t\t\t\t<h1>Nach dem Abendessen<br \/>nicht nach Hause?<\/h1>\t\t\t\t\t\t\t\t<\/div>\n\t\t\t\t<\/div>\n\t\t\t\t\t<\/div>\n\t\t<\/div>\n\t\t\t\t<div class=\"elementor-column elementor-col-50 elementor-top-column elementor-element elementor-element-61fa6dbe\" data-id=\"61fa6dbe\" data-element_type=\"column\" data-e-type=\"column\">\n\t\t\t<div class=\"elementor-widget-wrap elementor-element-populated\">\n\t\t\t\t\t\t<div class=\"elementor-element elementor-element-43aa01df elementor-widget elementor-widget-text-editor\" data-id=\"43aa01df\" data-element_type=\"widget\" data-e-type=\"widget\" data-widget_type=\"text-editor.default\">\n\t\t\t\t<div class=\"elementor-widget-container\">\n\t\t\t\t\t\t\t\t\t<h3>Essen &#038; Schlafen<\/h3>\t\t\t\t\t\t\t\t<\/div>\n\t\t\t\t<\/div>\n\t\t\t\t<div class=\"elementor-element elementor-element-5d4bb26e elementor-widget elementor-widget-text-editor\" data-id=\"5d4bb26e\" data-element_type=\"widget\" data-e-type=\"widget\" data-widget_type=\"text-editor.default\">\n\t\t\t\t<div class=\"elementor-widget-container\">\n\t\t\t\t\t\t\t\t\t<p>Wir bieten selbst keine \u00dcbernachtungsm\u00f6glichkeiten mehr an. Aber es gibt mehr als genug gro\u00dfartige Unterkunftsm\u00f6glichkeiten in unserem sch\u00f6nen Hill Country zu finden.\u00a0<\/p><p>Wir haben einige unserer Favoriten f\u00fcr Sie aufgelistet.<\/p>\t\t\t\t\t\t\t\t<\/div>\n\t\t\t\t<\/div>\n\t\t\t\t\t<\/div>\n\t\t<\/div>\n\t\t\t\t\t<\/div>\n\t\t<\/section>\n\t\t\t\t<section class=\"elementor-section elementor-top-section elementor-element elementor-element-3f7bbb6a elementor-section-height-min-height elementor-section-items-top elementor-section-content-top elementor-section-full_width elementor-section-stretched elementor-section-height-default\" data-id=\"3f7bbb6a\" data-element_type=\"section\" data-e-type=\"section\" data-settings=\"{&quot;background_background&quot;:&quot;classic&quot;,&quot;stretch_section&quot;:&quot;section-stretched&quot;}\">\n\t\t\t\t\t\t<div class=\"elementor-container elementor-column-gap-default\">\n\t\t\t\t\t<div class=\"elementor-column elementor-col-33 elementor-top-column elementor-element elementor-element-31454a2 elementor-hidden-tablet elementor-hidden-mobile\" data-id=\"31454a2\" data-element_type=\"column\" data-e-type=\"column\">\n\t\t\t<div class=\"elementor-widget-wrap\">\n\t\t\t\t\t\t\t<\/div>\n\t\t<\/div>\n\t\t\t\t<div class=\"elementor-column elementor-col-33 elementor-top-column elementor-element elementor-element-5e0df3f0\" data-id=\"5e0df3f0\" data-element_type=\"column\" data-e-type=\"column\">\n\t\t\t<div class=\"elementor-widget-wrap elementor-element-populated\">\n\t\t\t\t\t\t<div class=\"elementor-element elementor-element-8451fed elementor-widget elementor-widget-text-editor\" data-id=\"8451fed\" data-element_type=\"widget\" data-e-type=\"widget\" data-widget_type=\"text-editor.default\">\n\t\t\t\t<div class=\"elementor-widget-container\">\n\t\t\t\t\t\t\t\t\t<h1>Unterkunftsm\u00f6glichkeiten<\/h1>\t\t\t\t\t\t\t\t<\/div>\n\t\t\t\t<\/div>\n\t\t\t\t<div class=\"elementor-element elementor-element-6e11a0f elementor-tabs-view-vertical tabs-home elementor-widget elementor-widget-tabs\" data-id=\"6e11a0f\" data-element_type=\"widget\" data-e-type=\"widget\" data-widget_type=\"tabs.default\">\n\t\t\t\t<div class=\"elementor-widget-container\">\n\t\t\t\t\t\t\t<div class=\"elementor-tabs\">\n\t\t\t<div class=\"elementor-tabs-wrapper\" role=\"tablist\" >\n\t\t\t\t\t\t\t\t\t<div id=\"elementor-tab-title-1151\" class=\"elementor-tab-title elementor-tab-desktop-title\" aria-selected=\"true\" data-tab=\"1\" role=\"tab\" tabindex=\"0\" aria-controls=\"elementor-tab-content-1151\" aria-expanded=\"false\">Empfehlungen <\/div>\n\t\t\t\t\t\t\t<\/div>\n\t\t\t<div class=\"elementor-tabs-content-wrapper\" role=\"tablist\" aria-orientation=\"vertical\">\n\t\t\t\t\t\t\t\t\t<div class=\"elementor-tab-title elementor-tab-mobile-title\" aria-selected=\"true\" data-tab=\"1\" role=\"tab\" tabindex=\"0\" aria-controls=\"elementor-tab-content-1151\" aria-expanded=\"false\">Empfehlungen <\/div>\n\t\t\t\t\t<div id=\"elementor-tab-content-1151\" class=\"elementor-tab-content elementor-clearfix\" data-tab=\"1\" role=\"tabpanel\" aria-labelledby=\"elementor-tab-title-1151\" tabindex=\"0\" hidden=\"false\"><p>Sie m\u00f6chten in der Region \u00fcbernachten?<br>Wir empfehlen folgende Unterk\u00fcnfte:<\/p>\n<p>Kasteel Terworm, Heerlen | <span style=\"color: #ffffff;\"><a style=\"color: #ffffff;\" href=\"https:\/\/www.terworm.nl\/\" target=\"_blank\" rel=\"noopener\">terworm.nl<\/a><\/span><br>Hotel Heerlen van der Valk | <span style=\"color: #ffffff;\"><a style=\"color: #ffffff;\" href=\"https:\/\/www.hotelheerlen.nl\/\" target=\"_blank\" rel=\"noopener\">hotelheerlen.nl<\/a><\/span><br>Zonneberg vakantiewoningen, Voerendaal | <span style=\"color: #ffffff;\"><a style=\"color: #ffffff;\" href=\"http:\/\/zonneberg-vakantiewoningen.nl\/\" target=\"_blank\" rel=\"noopener\">zonneberg-vakantiewoningen.nl<\/a><\/span><br>B&amp;B 85, Voerendaal | <span style=\"color: #ffffff;\"><a style=\"color: #ffffff;\" href=\"http:\/\/bedandbreakfast85.nl\" target=\"_blank\" rel=\"noopener\">bedandbreakfast85.nl<\/a><\/span><br>B&amp;B Dalauro, Eys | <span style=\"color: #ffffff;\"><a style=\"color: #ffffff;\" href=\"https:\/\/www.dalauro.nl\/ons-aanbod\/arrangementen\/bed-sterren\/\" target=\"_blank\" rel=\"noopener\">dalauro.nl<\/a><\/span><br>Eigenheimer B&amp;B, Simpelveld | <span style=\"color: #ffffff;\"><a style=\"color: #ffffff;\" href=\"https:\/\/bbeigenheimer.nl\/\" target=\"_blank\" rel=\"noopener\">bbeigenheimer.nl<\/a><\/span><br>Aparthotel Hunstraat 40 Ubachsberg (in Gehweite) |&nbsp; booking&nbsp; | +31 6 2294 1143<br>Hotel de Rousch Heerlen | <span style=\"color: #ffffff;\"><a style=\"color: #ffffff;\" href=\"http:\/\/www.derousch.nl\/\" target=\"_blank\" rel=\"noopener\">derousch.nl<\/a><\/span><br><br><span style=\"color: #ffffff;\"><\/span><\/p><\/div>\n\t\t\t\t\t\t\t<\/div>\n\t\t<\/div>\n\t\t\t\t\t\t<\/div>\n\t\t\t\t<\/div>\n\t\t\t\t\t<\/div>\n\t\t<\/div>\n\t\t\t\t<div class=\"elementor-column elementor-col-33 elementor-top-column elementor-element elementor-element-6fd8d57 elementor-hidden-tablet elementor-hidden-mobile\" data-id=\"6fd8d57\" data-element_type=\"column\" data-e-type=\"column\">\n\t\t\t<div class=\"elementor-widget-wrap\">\n\t\t\t\t\t\t\t<\/div>\n\t\t<\/div>\n\t\t\t\t\t<\/div>\n\t\t<\/section>\n\t\t\t\t<section class=\"elementor-section elementor-top-section elementor-element elementor-element-b065852 elementor-hidden-desktop elementor-hidden-tablet elementor-hidden-mobile elementor-section-boxed elementor-section-height-default elementor-section-height-default\" data-id=\"b065852\" data-element_type=\"section\" data-e-type=\"section\">\n\t\t\t\t\t\t<div class=\"elementor-container elementor-column-gap-default\">\n\t\t\t\t\t<div class=\"elementor-column elementor-col-50 elementor-top-column elementor-element elementor-element-e54c667\" data-id=\"e54c667\" data-element_type=\"column\" data-e-type=\"column\">\n\t\t\t<div class=\"elementor-widget-wrap elementor-element-populated\">\n\t\t\t\t\t\t<div class=\"elementor-element elementor-element-052c546 elementor-widget elementor-widget-text-editor\" data-id=\"052c546\" data-element_type=\"widget\" data-e-type=\"widget\" data-widget_type=\"text-editor.default\">\n\t\t\t\t<div class=\"elementor-widget-container\">\n\t\t\t\t\t\t\t\t\t<h1>\u00dcbernachten in der N\u00e4he<\/h1>\t\t\t\t\t\t\t\t<\/div>\n\t\t\t\t<\/div>\n\t\t\t\t<div class=\"elementor-element elementor-element-f9f4e36 elementor-widget elementor-widget-text-editor\" data-id=\"f9f4e36\" data-element_type=\"widget\" data-e-type=\"widget\" data-widget_type=\"text-editor.default\">\n\t\t\t\t<div class=\"elementor-widget-container\">\n\t\t\t\t\t\t\t\t\t<p>Sie m\u00f6chten in der Region \u00fcbernachten?<br \/>Wir empfehlen folgende Unterk\u00fcnfte:<\/p><p>Kasteel Terworm, Heerlen |\u00a0<a href=\"https:\/\/www.terworm.nl\/\" target=\"_blank\" rel=\"noopener\">terworm.nl<\/a><br \/>Hotel Heerlen van der Valk |\u00a0<a href=\"https:\/\/www.hotelheerlen.nl\/\" target=\"_blank\" rel=\"noopener\">hotelheerlen.nl<\/a><br \/>Zonneberg vakantiewoningen, Voerendaal |\u00a0<a href=\"http:\/\/zonneberg-vakantiewoningen.nl\/\" target=\"_blank\" rel=\"noopener\">zonneberg-vakantiewoningen.nl<\/a><br \/>B&amp;B 85, Voerendaal |\u00a0<a href=\"http:\/\/bedandbreakfast85.nl\/\" target=\"_blank\" rel=\"noopener\">bedandbreakfast85.nl<\/a><br \/>Hoeve Beusdalshof |\u00a0<a href=\"https:\/\/www.hoevebeusdalshof.com\/\" target=\"_blank\" rel=\"noopener\">hoevebeusdalshof.com<\/a><br \/>Eigenheimer B&amp;B, Simpelveld |\u00a0<a href=\"https:\/\/bbeigenheimer.nl\/\" target=\"_blank\" rel=\"noopener\">bbeigenheimer.nl<\/a><br \/>Ch\u00e2teau Wittem |\u00a0<a href=\"https:\/\/www.chateauwittem.com\/\" target=\"_blank\" rel=\"noopener\">chateauwittem.com<\/a><br \/>Hotel de Rousch Heerlen |\u00a0<a href=\"http:\/\/www.derousch.nl\/\" target=\"_blank\" rel=\"noopener\">derousch.nl<\/a><br \/>Hoeve Berghof | <a href=\"https:\/\/www.hoeveberghof.eu\/\" target=\"_blank\" rel=\"noopener\">hoeveberghof.eu<\/a> | Kostenloser Abhol- und Bringservice!<\/p>\t\t\t\t\t\t\t\t<\/div>\n\t\t\t\t<\/div>\n\t\t\t\t\t<\/div>\n\t\t<\/div>\n\t\t\t\t<div class=\"elementor-column elementor-col-50 elementor-top-column elementor-element elementor-element-14c4a39\" data-id=\"14c4a39\" data-element_type=\"column\" data-e-type=\"column\">\n\t\t\t<div class=\"elementor-widget-wrap elementor-element-populated\">\n\t\t\t\t\t\t<div class=\"elementor-element elementor-element-9d83aa5 elementor-widget elementor-widget-image\" data-id=\"9d83aa5\" data-element_type=\"widget\" data-e-type=\"widget\" data-widget_type=\"image.default\">\n\t\t\t\t<div class=\"elementor-widget-container\">\n\t\t\t\t\t\t\t\t\t\t\t\t\t\t\t<img loading=\"lazy\" decoding=\"async\" width=\"400\" height=\"504\" src=\"https:\/\/deleuf.nl\/wp-content\/uploads\/2022\/08\/deleuf_brandguide2-1-1.png\" class=\"attachment-large size-large wp-image-1410\" alt=\"\" srcset=\"https:\/\/deleuf.nl\/wp-content\/uploads\/2022\/08\/deleuf_brandguide2-1-1.png 400w, https:\/\/deleuf.nl\/wp-content\/uploads\/2022\/08\/deleuf_brandguide2-1-1-238x300.png 238w\" sizes=\"(max-width: 400px) 100vw, 400px\" \/>\t\t\t\t\t\t\t\t\t\t\t\t\t\t\t<\/div>\n\t\t\t\t<\/div>\n\t\t\t\t\t<\/div>\n\t\t<\/div>\n\t\t\t\t\t<\/div>\n\t\t<\/section>\n\t\t\t\t<\/div>\n\t\t","protected":false},"excerpt":{"rendered":"<p>Nach dem Abendessennicht nach Hause? Essen &#038; Schlafen Wir bieten selbst keine \u00dcbernachtungsm\u00f6glichkeiten mehr an. Aber es gibt mehr als genug gro\u00dfartige Unterkunftsm\u00f6glichkeiten in unserem sch\u00f6nen Hill Country zu finden.\u00a0 Wir haben einige unserer Favoriten f\u00fcr Sie aufgelistet. Unterkunftsm\u00f6glichkeiten Empfehlungen Empfehlungen Sie m\u00f6chten in der Region \u00fcbernachten?Wir empfehlen folgende Unterk\u00fcnfte: Kasteel Terworm, Heerlen | terworm.nlHotel [&hellip;]<\/p>\n","protected":false},"author":2,"featured_media":0,"parent":0,"menu_order":0,"comment_status":"closed","ping_status":"closed","template":"","meta":{"inline_featured_image":false,"footnotes":""},"class_list":["post-1547","page","type-page","status-publish","hentry"],"_links":{"self":[{"href":"https:\/\/deleuf.nl\/de\/wp-json\/wp\/v2\/pages\/1547","targetHints":{"allow":["GET"]}}],"collection":[{"href":"https:\/\/deleuf.nl\/de\/wp-json\/wp\/v2\/pages"}],"about":[{"href":"https:\/\/deleuf.nl\/de\/wp-json\/wp\/v2\/types\/page"}],"author":[{"embeddable":true,"href":"https:\/\/deleuf.nl\/de\/wp-json\/wp\/v2\/users\/2"}],"replies":[{"embeddable":true,"href":"https:\/\/deleuf.nl\/de\/wp-json\/wp\/v2\/comments?post=1547"}],"version-history":[{"count":92,"href":"https:\/\/deleuf.nl\/de\/wp-json\/wp\/v2\/pages\/1547\/revisions"}],"predecessor-version":[{"id":4690,"href":"https:\/\/deleuf.nl\/de\/wp-json\/wp\/v2\/pages\/1547\/revisions\/4690"}],"wp:attachment":[{"href":"https:\/\/deleuf.nl\/de\/wp-json\/wp\/v2\/media?parent=1547"}],"curies":[{"name":"wp","href":"https:\/\/api.w.org\/{rel}","templated":true}]}}